{"id":196,"date":"2025-01-11T10:13:41","date_gmt":"2025-01-11T09:13:41","guid":{"rendered":"https:\/\/nietuzinkowi.pl\/?page_id=196"},"modified":"2025-01-13T20:01:32","modified_gmt":"2025-01-13T19:01:32","slug":"songwriterzy","status":"publish","type":"page","link":"https:\/\/nietuzinkowi.pl\/?page_id=196","title":{"rendered":"Songwriterzy"},"content":{"rendered":"\n<p class=\"has-text-align-center\">Firmowy hymn, piosenka prezesa, ballada ksi\u0119gowej, korposzlagier,<br>a mo\u017ce nowy hit informatyka?<br>Pop, rock, hip-hop, Italo disco?<br>Takie rzeczy napisa\u0107 mog\u0105 jedynie Songwriterzy, czyli uczestnicy muzycznych warsztat\u00f3w pod opiek\u0105 do\u015bwiadczonego autora.<br>Niezwykle kreatywna zabawa podczas tworzenia lub wyboru melodii <br>czy nawet uk\u0142adu tanecznego, pisania tekstu oraz aran\u017cacji w aplikacji DAW.<br>Teambuilding z muzyczn\u0105 pami\u0105tk\u0105, kt\u00f3ra zostaje na lata.<\/p>\n","protected":false},"excerpt":{"rendered":"<p>Firmowy hymn, piosenka prezesa, ballada ksi\u0119gowej, korposzlagier,a mo\u017ce nowy hit informatyka?Pop, rock, hip-hop, Italo disco?Takie rzeczy napisa\u0107 mog\u0105 jedynie Songwriterzy, czyli uczestnicy muzycznych warsztat\u00f3w pod opiek\u0105 do\u015bwiadczonego autora.Niezwykle kreatywna zabawa podczas tworzenia lub wyboru melodii czy nawet uk\u0142adu tanecznego, pisania tekstu oraz aran\u017cacji w aplikacji DAW.Teambuilding z muzyczn\u0105 pami\u0105tk\u0105, kt\u00f3ra zostaje na lata.<\/p>\n","protected":false},"author":1,"featured_media":14,"parent":0,"menu_order":1,"comment_status":"closed","ping_status":"closed","template":"test2","meta":{"_monsterinsights_skip_tracking":false,"_monsterinsights_sitenote_active":false,"_monsterinsights_sitenote_note":"","_monsterinsights_sitenote_category":0,"footnotes":""},"class_list":["post-196","page","type-page","status-publish","has-post-thumbnail","hentry"],"_links":{"self":[{"href":"https:\/\/nietuzinkowi.pl\/index.php?rest_route=\/wp\/v2\/pages\/196","targetHints":{"allow":["GET"]}}],"collection":[{"href":"https:\/\/nietuzinkowi.pl\/index.php?rest_route=\/wp\/v2\/pages"}],"about":[{"href":"https:\/\/nietuzinkowi.pl\/index.php?rest_route=\/wp\/v2\/types\/page"}],"author":[{"embeddable":true,"href":"https:\/\/nietuzinkowi.pl\/index.php?rest_route=\/wp\/v2\/users\/1"}],"replies":[{"embeddable":true,"href":"https:\/\/nietuzinkowi.pl\/index.php?rest_route=%2Fwp%2Fv2%2Fcomments&post=196"}],"version-history":[{"count":2,"href":"https:\/\/nietuzinkowi.pl\/index.php?rest_route=\/wp\/v2\/pages\/196\/revisions"}],"predecessor-version":[{"id":451,"href":"https:\/\/nietuzinkowi.pl\/index.php?rest_route=\/wp\/v2\/pages\/196\/revisions\/451"}],"wp:featuredmedia":[{"embeddable":true,"href":"https:\/\/nietuzinkowi.pl\/index.php?rest_route=\/wp\/v2\/media\/14"}],"wp:attachment":[{"href":"https:\/\/nietuzinkowi.pl\/index.php?rest_route=%2Fwp%2Fv2%2Fmedia&parent=196"}],"curies":[{"name":"wp","href":"https:\/\/api.w.org\/{rel}","templated":true}]}}