{"id":343,"date":"2025-01-01T21:22:55","date_gmt":"2025-01-01T20:22:55","guid":{"rendered":"https:\/\/nietuzinkowi.pl\/?page_id=343"},"modified":"2025-01-13T20:02:05","modified_gmt":"2025-01-13T19:02:05","slug":"kurs-jezyka-slaskiego-2","status":"publish","type":"page","link":"https:\/\/nietuzinkowi.pl\/?page_id=343","title":{"rendered":"kurs j\u0119zyka \u015bl\u0105skiego"},"content":{"rendered":"\n<p class=\"has-text-align-center has-primary-color has-text-color has-link-color wp-elements-966de8d0eefc0454faff07661db1916e\">P\u00f3\u0142godzinny stand-up w gwarze \u015bl\u0105skiej, a mo\u017ce ju\u017c w j\u0119zyku \u015bl\u0105skim. <br>O kulturze i zwyczajach.<br>O gwarze i j\u0119zyku. o godce.<br>Dla go\u015bci z Ma\u0142opolski, wielkopolski, Mazowsza, Pomorza, Warmii i Mazur, <br>ale r\u00f3wnie\u017c dla mieszka\u0144c\u00f3w \u015al\u0105ska.<br>uczestnicy poznaj\u0105 oryginalne s\u0142owa w gwarze \u015bl\u0105skiej.<br>\u201eLekcji\u201d towarzysz\u0105 \u017carty na poziomie i dobry humor.<br>Nietuzinkowa propozycja na rozpocz\u0119cie <br>lub zako\u0144czenie konferencji lub eventu firmowego.<\/p>\n","protected":false},"excerpt":{"rendered":"<p>P\u00f3\u0142godzinny stand-up w gwarze \u015bl\u0105skiej, a mo\u017ce ju\u017c w j\u0119zyku \u015bl\u0105skim. O kulturze i zwyczajach.O gwarze i j\u0119zyku. o godce.Dla go\u015bci z Ma\u0142opolski, wielkopolski, Mazowsza, Pomorza, Warmii i Mazur, ale r\u00f3wnie\u017c dla mieszka\u0144c\u00f3w \u015al\u0105ska.uczestnicy poznaj\u0105 oryginalne s\u0142owa w gwarze \u015bl\u0105skiej.\u201eLekcji\u201d towarzysz\u0105 \u017carty na poziomie i dobry humor.Nietuzinkowa propozycja na rozpocz\u0119cie lub zako\u0144czenie konferencji lub eventu [&hellip;]<\/p>\n","protected":false},"author":1,"featured_media":39,"parent":0,"menu_order":3,"comment_status":"closed","ping_status":"closed","template":"test2","meta":{"_monsterinsights_skip_tracking":false,"_monsterinsights_sitenote_active":false,"_monsterinsights_sitenote_note":"","_monsterinsights_sitenote_category":0,"footnotes":""},"class_list":["post-343","page","type-page","status-publish","has-post-thumbnail","hentry"],"_links":{"self":[{"href":"https:\/\/nietuzinkowi.pl\/index.php?rest_route=\/wp\/v2\/pages\/343","targetHints":{"allow":["GET"]}}],"collection":[{"href":"https:\/\/nietuzinkowi.pl\/index.php?rest_route=\/wp\/v2\/pages"}],"about":[{"href":"https:\/\/nietuzinkowi.pl\/index.php?rest_route=\/wp\/v2\/types\/page"}],"author":[{"embeddable":true,"href":"https:\/\/nietuzinkowi.pl\/index.php?rest_route=\/wp\/v2\/users\/1"}],"replies":[{"embeddable":true,"href":"https:\/\/nietuzinkowi.pl\/index.php?rest_route=%2Fwp%2Fv2%2Fcomments&post=343"}],"version-history":[{"count":3,"href":"https:\/\/nietuzinkowi.pl\/index.php?rest_route=\/wp\/v2\/pages\/343\/revisions"}],"predecessor-version":[{"id":441,"href":"https:\/\/nietuzinkowi.pl\/index.php?rest_route=\/wp\/v2\/pages\/343\/revisions\/441"}],"wp:featuredmedia":[{"embeddable":true,"href":"https:\/\/nietuzinkowi.pl\/index.php?rest_route=\/wp\/v2\/media\/39"}],"wp:attachment":[{"href":"https:\/\/nietuzinkowi.pl\/index.php?rest_route=%2Fwp%2Fv2%2Fmedia&parent=343"}],"curies":[{"name":"wp","href":"https:\/\/api.w.org\/{rel}","templated":true}]}}