{"id":352,"date":"2025-01-09T21:25:25","date_gmt":"2025-01-09T20:25:25","guid":{"rendered":"https:\/\/nietuzinkowi.pl\/?page_id=352"},"modified":"2025-01-13T20:10:17","modified_gmt":"2025-01-13T19:10:17","slug":"nocne-zwiedzanie-browaru","status":"publish","type":"page","link":"https:\/\/nietuzinkowi.pl\/?page_id=352","title":{"rendered":"nocne zwiedzanie browaru"},"content":{"rendered":"\n<p class=\"has-text-align-center\">Teatr plenerowy, teambuilding, nocne przygody, gry i harce<br>w historycznym czynnym browarze, kt\u00f3ry znajduje si\u0119<br>60 minut drogi od Krakowa.<br>Podczas wieczornego spektaklu uczestnicy<br>rozwi\u0105zuj\u0105 zagadki oraz spotykaj\u0105<br>Ksi\u0119cia, Piwowara, s\u0142odownika, Bednarza i Zielark\u0119.<br>Nagrod\u0105 jest biesiada w pubie browaru<br>z pocz\u0119stunkiem i niepasteryzowanym trunkiem,<br>R\u00f3wnie\u017c bezalkoholowym.<br>Na \u017cyczenie Organizujemy dojazd i dodatkowe atrakcje vip.<br>Wy\u0142\u0105cznie dla pe\u0142noletnich.<\/p>\n","protected":false},"excerpt":{"rendered":"<p>Teatr plenerowy, teambuilding, nocne przygody, gry i harcew historycznym czynnym browarze, kt\u00f3ry znajduje si\u011960 minut drogi od Krakowa.Podczas wieczornego spektaklu uczestnicyrozwi\u0105zuj\u0105 zagadki oraz spotykaj\u0105Ksi\u0119cia, Piwowara, s\u0142odownika, Bednarza i Zielark\u0119.Nagrod\u0105 jest biesiada w pubie browaruz pocz\u0119stunkiem i niepasteryzowanym trunkiem,R\u00f3wnie\u017c bezalkoholowym.Na \u017cyczenie Organizujemy dojazd i dodatkowe atrakcje vip.Wy\u0142\u0105cznie dla pe\u0142noletnich.<\/p>\n","protected":false},"author":1,"featured_media":0,"parent":0,"menu_order":7,"comment_status":"closed","ping_status":"closed","template":"test2","meta":{"_monsterinsights_skip_tracking":false,"_monsterinsights_sitenote_active":false,"_monsterinsights_sitenote_note":"","_monsterinsights_sitenote_category":0,"footnotes":""},"class_list":["post-352","page","type-page","status-publish","hentry"],"_links":{"self":[{"href":"https:\/\/nietuzinkowi.pl\/index.php?rest_route=\/wp\/v2\/pages\/352","targetHints":{"allow":["GET"]}}],"collection":[{"href":"https:\/\/nietuzinkowi.pl\/index.php?rest_route=\/wp\/v2\/pages"}],"about":[{"href":"https:\/\/nietuzinkowi.pl\/index.php?rest_route=\/wp\/v2\/types\/page"}],"author":[{"embeddable":true,"href":"https:\/\/nietuzinkowi.pl\/index.php?rest_route=\/wp\/v2\/users\/1"}],"replies":[{"embeddable":true,"href":"https:\/\/nietuzinkowi.pl\/index.php?rest_route=%2Fwp%2Fv2%2Fcomments&post=352"}],"version-history":[{"count":3,"href":"https:\/\/nietuzinkowi.pl\/index.php?rest_route=\/wp\/v2\/pages\/352\/revisions"}],"predecessor-version":[{"id":448,"href":"https:\/\/nietuzinkowi.pl\/index.php?rest_route=\/wp\/v2\/pages\/352\/revisions\/448"}],"wp:attachment":[{"href":"https:\/\/nietuzinkowi.pl\/index.php?rest_route=%2Fwp%2Fv2%2Fmedia&parent=352"}],"curies":[{"name":"wp","href":"https:\/\/api.w.org\/{rel}","templated":true}]}}