{"id":460,"date":"2025-12-11T23:18:28","date_gmt":"2025-12-11T22:18:28","guid":{"rendered":"https:\/\/nietuzinkowi.pl\/?page_id=460"},"modified":"2025-12-11T23:18:59","modified_gmt":"2025-12-11T22:18:59","slug":"qreatywni","status":"publish","type":"page","link":"https:\/\/nietuzinkowi.pl\/?page_id=460","title":{"rendered":"QREATYWNI"},"content":{"rendered":"\n<p>.<\/p>\n\n\n\n<p>integracja i rozgrywka nie tylko dla fan\u00f3w nowych technologii.<\/p>\n\n\n\n<p>Wykorzystujemy smartfony i nasze autorskie oprogramowanie \u0142\u0105cz\u0105ce kody QR, sztuczn\u0105 inteligencj\u0119 (AI), rozszerzon\u0105 rzeczywisto\u015b\u0107 (AR) oraz minigry, by zapewni\u0107 mn\u00f3stwo zabawy i odpowiedni\u0105 dawk\u0119 wiedzy.<\/p>\n\n\n\n<p>Dzi\u0119ki personalizacji oraz oryginalnym scenariuszom takim jak &#8220;Eventowy Saper&#8221;, podczas firmowego rozbrajania bomby jedyne &#8220;miny&#8221; to te roze\u015bmiane.<\/p>\n\n\n\n<p>R\u00f3wnie\u017c w j\u0119zyku angielskim.<\/p>\n","protected":false},"excerpt":{"rendered":"<p>. integracja i rozgrywka nie tylko dla fan\u00f3w nowych technologii. Wykorzystujemy smartfony i nasze autorskie oprogramowanie \u0142\u0105cz\u0105ce kody QR, sztuczn\u0105 inteligencj\u0119 (AI), rozszerzon\u0105 rzeczywisto\u015b\u0107 (AR) oraz minigry, by zapewni\u0107 mn\u00f3stwo zabawy i odpowiedni\u0105 dawk\u0119 wiedzy. Dzi\u0119ki personalizacji oraz oryginalnym scenariuszom takim jak &#8220;Eventowy Saper&#8221;, podczas firmowego rozbrajania bomby jedyne &#8220;miny&#8221; to te roze\u015bmiane. R\u00f3wnie\u017c w [&hellip;]<\/p>\n","protected":false},"author":1,"featured_media":0,"parent":0,"menu_order":0,"comment_status":"closed","ping_status":"closed","template":"","meta":{"_monsterinsights_skip_tracking":false,"_monsterinsights_sitenote_active":false,"_monsterinsights_sitenote_note":"","_monsterinsights_sitenote_category":0,"footnotes":""},"class_list":["post-460","page","type-page","status-publish","hentry"],"_links":{"self":[{"href":"https:\/\/nietuzinkowi.pl\/index.php?rest_route=\/wp\/v2\/pages\/460","targetHints":{"allow":["GET"]}}],"collection":[{"href":"https:\/\/nietuzinkowi.pl\/index.php?rest_route=\/wp\/v2\/pages"}],"about":[{"href":"https:\/\/nietuzinkowi.pl\/index.php?rest_route=\/wp\/v2\/types\/page"}],"author":[{"embeddable":true,"href":"https:\/\/nietuzinkowi.pl\/index.php?rest_route=\/wp\/v2\/users\/1"}],"replies":[{"embeddable":true,"href":"https:\/\/nietuzinkowi.pl\/index.php?rest_route=%2Fwp%2Fv2%2Fcomments&post=460"}],"version-history":[{"count":2,"href":"https:\/\/nietuzinkowi.pl\/index.php?rest_route=\/wp\/v2\/pages\/460\/revisions"}],"predecessor-version":[{"id":462,"href":"https:\/\/nietuzinkowi.pl\/index.php?rest_route=\/wp\/v2\/pages\/460\/revisions\/462"}],"wp:attachment":[{"href":"https:\/\/nietuzinkowi.pl\/index.php?rest_route=%2Fwp%2Fv2%2Fmedia&parent=460"}],"curies":[{"name":"wp","href":"https:\/\/api.w.org\/{rel}","templated":true}]}}